{"id":82,"date":"2023-04-20T18:07:01","date_gmt":"2023-04-20T16:07:01","guid":{"rendered":"https:\/\/krewdlazwierzakow.pl\/?page_id=82"},"modified":"2023-04-20T18:07:01","modified_gmt":"2023-04-20T16:07:01","slug":"korzysci-z-krwiodawstwa","status":"publish","type":"page","link":"https:\/\/krewdlazwierzakow.pl\/index.php\/korzysci-z-krwiodawstwa\/","title":{"rendered":"Korzy\u015bci z krwiodawstwa"},"content":{"rendered":"\n<h2 class=\"wp-block-heading\">Jakie korzy\u015bci ma Dawca Krwi w Katowickim Banku Krwi dla Zwierz\u0105t?<\/h2>\n\n\n\n<p>Podczas kwalifikacji:<\/p>\n\n\n\n<ul class=\"wp-block-list\">\n<li>Wizyta u lekarza weterynarii.<\/li>\n\n\n\n<li>Oznaczenie grupy krwi.<\/li>\n\n\n\n<li>Podstawowe badanie morfologiczne i biochemiczne krwi<\/li>\n\n\n\n<li>Dodatkowe badania:\n<ul class=\"wp-block-list\">\n<li>u ps\u00f3w pod k\u0105tem czynnik\u00f3w zaka\u017anych: Dirofilaria immitis, Ehrlichia canis, Babesia canis, Anaplasma, Borrelia burgdorfer<\/li>\n\n\n\n<li>u kot\u00f3w wykluczenie obecno\u015bci zaka\u017cenia wirusami FIV, FeLV oraz mykoplazmami hemotropowymi.<\/li>\n<\/ul>\n<\/li>\n<\/ul>\n\n\n\n<p>Wed\u0142ug cennika koszt kwalifikacji to oko\u0142o 500 PLN, kt\u00f3ry w 100% pokrywa&nbsp;<a href=\"https:\/\/smartpet.com.pl\/\">Katowickie Centrum Weterynarii<\/a>.<br>Przy drugiej i ka\u017cdej kolejnej donacji na dawc\u0119 czeka bezp\u0142atne badanie kliniczne oraz podstawowe badanie krwi.<\/p>\n\n\n\n<p><strong>Dla Honorowych Dawc\u00f3w Krwi (w ci\u0105gu roku odda\u0142 krew przynajmniej 2 razy) darmowe szczepienie przeciwko w\u015bciekli\u017anie<\/strong>, co\u015b pysznego oraz voucher do wykorzystania w KCW. Dla ka\u017cdego naszego dawcy darmowa krew w przypadku wskazania do transfuzji. A przede wszystkim dla w\u0142a\u015bciciela duma, \u017ce jego zwierzak ratuje \u017cycie!<\/p>\n","protected":false},"excerpt":{"rendered":"<p>Jakie korzy\u015bci ma Dawca Krwi w Katowickim Banku Krwi dla Zwierz\u0105t? Podczas kwalifikacji: Wed\u0142ug cennika koszt kwalifikacji to oko\u0142o 500 PLN, kt\u00f3ry w 100% pokrywa&nbsp;Katowickie Centrum Weterynarii.Przy drugiej i ka\u017cdej kolejnej donacji na dawc\u0119 czeka bezp\u0142atne badanie kliniczne oraz podstawowe badanie krwi. Dla Honorowych Dawc\u00f3w Krwi (w ci\u0105gu roku odda\u0142 krew przynajmniej 2 razy) darmowe [&hellip;]<\/p>\n","protected":false},"author":1,"featured_media":0,"parent":0,"menu_order":0,"comment_status":"closed","ping_status":"closed","template":"","meta":{"footnotes":""},"class_list":["post-82","page","type-page","status-publish","hentry"],"yoast_head":"<!-- This site is optimized with the Yoast SEO plugin v20.5 - https:\/\/yoast.com\/wordpress\/plugins\/seo\/ -->\n<title>Korzy\u015bci z krwiodawstwa - Bank Krwi dla zwierz\u0105t w Katowicach<\/title>\n<meta name=\"robots\" content=\"index, follow, max-snippet:-1, max-image-preview:large, max-video-preview:-1\" \/>\n<link rel=\"canonical\" href=\"https:\/\/krewdlazwierzakow.pl\/index.php\/korzysci-z-krwiodawstwa\/\" \/>\n<meta property=\"og:locale\" content=\"pl_PL\" \/>\n<meta property=\"og:type\" content=\"article\" \/>\n<meta property=\"og:title\" content=\"Korzy\u015bci z krwiodawstwa - Bank Krwi dla zwierz\u0105t w Katowicach\" \/>\n<meta property=\"og:description\" content=\"Jakie korzy\u015bci ma Dawca Krwi w Katowickim Banku Krwi dla Zwierz\u0105t? Podczas kwalifikacji: Wed\u0142ug cennika koszt kwalifikacji to oko\u0142o 500 PLN, kt\u00f3ry w 100% pokrywa&nbsp;Katowickie Centrum Weterynarii.Przy drugiej i ka\u017cdej kolejnej donacji na dawc\u0119 czeka bezp\u0142atne badanie kliniczne oraz podstawowe badanie krwi. Dla Honorowych Dawc\u00f3w Krwi (w ci\u0105gu roku odda\u0142 krew przynajmniej 2 razy) darmowe [&hellip;]\" \/>\n<meta property=\"og:url\" content=\"https:\/\/krewdlazwierzakow.pl\/index.php\/korzysci-z-krwiodawstwa\/\" \/>\n<meta property=\"og:site_name\" content=\"Bank Krwi dla zwierz\u0105t w Katowicach\" \/>\n<meta property=\"article:publisher\" content=\"https:\/\/www.facebook.com\/kcwwsilesii\/\" \/>\n<meta name=\"twitter:card\" content=\"summary_large_image\" \/>\n<meta name=\"twitter:label1\" content=\"Szacowany czas czytania\" \/>\n\t<meta name=\"twitter:data1\" content=\"1 minuta\" \/>\n<script type=\"application\/ld+json\" class=\"yoast-schema-graph\">{\"@context\":\"https:\/\/schema.org\",\"@graph\":[{\"@type\":\"WebPage\",\"@id\":\"https:\/\/krewdlazwierzakow.pl\/index.php\/korzysci-z-krwiodawstwa\/\",\"url\":\"https:\/\/krewdlazwierzakow.pl\/index.php\/korzysci-z-krwiodawstwa\/\",\"name\":\"Korzy\u015bci z krwiodawstwa - Bank Krwi dla zwierz\u0105t w Katowicach\",\"isPartOf\":{\"@id\":\"https:\/\/krewdlazwierzakow.pl\/#website\"},\"datePublished\":\"2023-04-20T16:07:01+00:00\",\"dateModified\":\"2023-04-20T16:07:01+00:00\",\"breadcrumb\":{\"@id\":\"https:\/\/krewdlazwierzakow.pl\/index.php\/korzysci-z-krwiodawstwa\/#breadcrumb\"},\"inLanguage\":\"pl-PL\",\"potentialAction\":[{\"@type\":\"ReadAction\",\"target\":[\"https:\/\/krewdlazwierzakow.pl\/index.php\/korzysci-z-krwiodawstwa\/\"]}]},{\"@type\":\"BreadcrumbList\",\"@id\":\"https:\/\/krewdlazwierzakow.pl\/index.php\/korzysci-z-krwiodawstwa\/#breadcrumb\",\"itemListElement\":[{\"@type\":\"ListItem\",\"position\":1,\"name\":\"Strona g\u0142\u00f3wna\",\"item\":\"https:\/\/krewdlazwierzakow.pl\/\"},{\"@type\":\"ListItem\",\"position\":2,\"name\":\"Korzy\u015bci z krwiodawstwa\"}]},{\"@type\":\"WebSite\",\"@id\":\"https:\/\/krewdlazwierzakow.pl\/#website\",\"url\":\"https:\/\/krewdlazwierzakow.pl\/\",\"name\":\"Bank Krwi dla Zwierz\u0105t w Katowicach\",\"description\":\"Bank Krwi dla zwierz\u0105t w Katowicach\",\"publisher\":{\"@id\":\"https:\/\/krewdlazwierzakow.pl\/#organization\"},\"alternateName\":\"Bank Krwi dla Ps\u00f3w i Kot\u00f3w w Katowicach\",\"potentialAction\":[{\"@type\":\"SearchAction\",\"target\":{\"@type\":\"EntryPoint\",\"urlTemplate\":\"https:\/\/krewdlazwierzakow.pl\/?s={search_term_string}\"},\"query-input\":\"required name=search_term_string\"}],\"inLanguage\":\"pl-PL\"},{\"@type\":\"Organization\",\"@id\":\"https:\/\/krewdlazwierzakow.pl\/#organization\",\"name\":\"Bank Krwi dla Zwierz\u0105t w Katowicach\",\"url\":\"https:\/\/krewdlazwierzakow.pl\/\",\"logo\":{\"@type\":\"ImageObject\",\"inLanguage\":\"pl-PL\",\"@id\":\"https:\/\/krewdlazwierzakow.pl\/#\/schema\/logo\/image\/\",\"url\":\"https:\/\/krewdlazwierzakow.pl\/wp-content\/uploads\/2023\/04\/cropped-cropped-logo-1.png\",\"contentUrl\":\"https:\/\/krewdlazwierzakow.pl\/wp-content\/uploads\/2023\/04\/cropped-cropped-logo-1.png\",\"width\":250,\"height\":250,\"caption\":\"Bank Krwi dla Zwierz\u0105t w Katowicach\"},\"image\":{\"@id\":\"https:\/\/krewdlazwierzakow.pl\/#\/schema\/logo\/image\/\"},\"sameAs\":[\"https:\/\/www.facebook.com\/kcwwsilesii\/\"]}]}<\/script>\n<!-- \/ Yoast SEO plugin. -->","yoast_head_json":{"title":"Korzy\u015bci z krwiodawstwa - Bank Krwi dla zwierz\u0105t w Katowicach","robots":{"index":"index","follow":"follow","max-snippet":"max-snippet:-1","max-image-preview":"max-image-preview:large","max-video-preview":"max-video-preview:-1"},"canonical":"https:\/\/krewdlazwierzakow.pl\/index.php\/korzysci-z-krwiodawstwa\/","og_locale":"pl_PL","og_type":"article","og_title":"Korzy\u015bci z krwiodawstwa - Bank Krwi dla zwierz\u0105t w Katowicach","og_description":"Jakie korzy\u015bci ma Dawca Krwi w Katowickim Banku Krwi dla Zwierz\u0105t? Podczas kwalifikacji: Wed\u0142ug cennika koszt kwalifikacji to oko\u0142o 500 PLN, kt\u00f3ry w 100% pokrywa&nbsp;Katowickie Centrum Weterynarii.Przy drugiej i ka\u017cdej kolejnej donacji na dawc\u0119 czeka bezp\u0142atne badanie kliniczne oraz podstawowe badanie krwi. Dla Honorowych Dawc\u00f3w Krwi (w ci\u0105gu roku odda\u0142 krew przynajmniej 2 razy) darmowe [&hellip;]","og_url":"https:\/\/krewdlazwierzakow.pl\/index.php\/korzysci-z-krwiodawstwa\/","og_site_name":"Bank Krwi dla zwierz\u0105t w Katowicach","article_publisher":"https:\/\/www.facebook.com\/kcwwsilesii\/","twitter_card":"summary_large_image","twitter_misc":{"Szacowany czas czytania":"1 minuta"},"schema":{"@context":"https:\/\/schema.org","@graph":[{"@type":"WebPage","@id":"https:\/\/krewdlazwierzakow.pl\/index.php\/korzysci-z-krwiodawstwa\/","url":"https:\/\/krewdlazwierzakow.pl\/index.php\/korzysci-z-krwiodawstwa\/","name":"Korzy\u015bci z krwiodawstwa - Bank Krwi dla zwierz\u0105t w Katowicach","isPartOf":{"@id":"https:\/\/krewdlazwierzakow.pl\/#website"},"datePublished":"2023-04-20T16:07:01+00:00","dateModified":"2023-04-20T16:07:01+00:00","breadcrumb":{"@id":"https:\/\/krewdlazwierzakow.pl\/index.php\/korzysci-z-krwiodawstwa\/#breadcrumb"},"inLanguage":"pl-PL","potentialAction":[{"@type":"ReadAction","target":["https:\/\/krewdlazwierzakow.pl\/index.php\/korzysci-z-krwiodawstwa\/"]}]},{"@type":"BreadcrumbList","@id":"https:\/\/krewdlazwierzakow.pl\/index.php\/korzysci-z-krwiodawstwa\/#breadcrumb","itemListElement":[{"@type":"ListItem","position":1,"name":"Strona g\u0142\u00f3wna","item":"https:\/\/krewdlazwierzakow.pl\/"},{"@type":"ListItem","position":2,"name":"Korzy\u015bci z krwiodawstwa"}]},{"@type":"WebSite","@id":"https:\/\/krewdlazwierzakow.pl\/#website","url":"https:\/\/krewdlazwierzakow.pl\/","name":"Bank Krwi dla Zwierz\u0105t w Katowicach","description":"Bank Krwi dla zwierz\u0105t w Katowicach","publisher":{"@id":"https:\/\/krewdlazwierzakow.pl\/#organization"},"alternateName":"Bank Krwi dla Ps\u00f3w i Kot\u00f3w w Katowicach","potentialAction":[{"@type":"SearchAction","target":{"@type":"EntryPoint","urlTemplate":"https:\/\/krewdlazwierzakow.pl\/?s={search_term_string}"},"query-input":"required name=search_term_string"}],"inLanguage":"pl-PL"},{"@type":"Organization","@id":"https:\/\/krewdlazwierzakow.pl\/#organization","name":"Bank Krwi dla Zwierz\u0105t w Katowicach","url":"https:\/\/krewdlazwierzakow.pl\/","logo":{"@type":"ImageObject","inLanguage":"pl-PL","@id":"https:\/\/krewdlazwierzakow.pl\/#\/schema\/logo\/image\/","url":"https:\/\/krewdlazwierzakow.pl\/wp-content\/uploads\/2023\/04\/cropped-cropped-logo-1.png","contentUrl":"https:\/\/krewdlazwierzakow.pl\/wp-content\/uploads\/2023\/04\/cropped-cropped-logo-1.png","width":250,"height":250,"caption":"Bank Krwi dla Zwierz\u0105t w Katowicach"},"image":{"@id":"https:\/\/krewdlazwierzakow.pl\/#\/schema\/logo\/image\/"},"sameAs":["https:\/\/www.facebook.com\/kcwwsilesii\/"]}]}},"_links":{"self":[{"href":"https:\/\/krewdlazwierzakow.pl\/index.php\/wp-json\/wp\/v2\/pages\/82","targetHints":{"allow":["GET"]}}],"collection":[{"href":"https:\/\/krewdlazwierzakow.pl\/index.php\/wp-json\/wp\/v2\/pages"}],"about":[{"href":"https:\/\/krewdlazwierzakow.pl\/index.php\/wp-json\/wp\/v2\/types\/page"}],"author":[{"embeddable":true,"href":"https:\/\/krewdlazwierzakow.pl\/index.php\/wp-json\/wp\/v2\/users\/1"}],"replies":[{"embeddable":true,"href":"https:\/\/krewdlazwierzakow.pl\/index.php\/wp-json\/wp\/v2\/comments?post=82"}],"version-history":[{"count":1,"href":"https:\/\/krewdlazwierzakow.pl\/index.php\/wp-json\/wp\/v2\/pages\/82\/revisions"}],"predecessor-version":[{"id":83,"href":"https:\/\/krewdlazwierzakow.pl\/index.php\/wp-json\/wp\/v2\/pages\/82\/revisions\/83"}],"wp:attachment":[{"href":"https:\/\/krewdlazwierzakow.pl\/index.php\/wp-json\/wp\/v2\/media?parent=82"}],"curies":[{"name":"wp","href":"https:\/\/api.w.org\/{rel}","templated":true}]}}