{"id":37,"date":"2023-04-01T12:56:28","date_gmt":"2023-04-01T10:56:28","guid":{"rendered":"http:\/\/toms2010.dkonto.pl\/?page_id=37"},"modified":"2023-04-18T16:14:57","modified_gmt":"2023-04-18T14:14:57","slug":"bank-krwi","status":"publish","type":"page","link":"https:\/\/krewdlazwierzakow.pl\/","title":{"rendered":"Bank Krwi dla zwierz\u0105t w Katowicach"},"content":{"rendered":"\n<p>        Katowickie Centrum Weterynarii w Silesii powsta\u0142o z ch\u0119ci i poczucia obowi\u0105zku zapewnienia najlepszej opieki nad zdrowiem naszych pacjent\u00f3w. W zwi\u0105zku z powy\u017cszym poszerzyli\u015bmy nasz\u0105 dzia\u0142alno\u015b\u0107 o <strong>bank krwi dla ps\u00f3w i kot\u00f3w oraz us\u0142ugi transfuzjologii<\/strong>. Szybki dost\u0119p do krwi jest nieoceniony i cz\u0119sto stanowi fundament i warunek prze\u017cycia pacjenta. Krwi psiej i kociej, tak samo jak ludzkiej, nie da si\u0119 wyprodukowa\u0107 dlatego tak wa\u017cni s\u0105 dawcy, dzi\u0119ki kt\u00f3rym mo\u017cliwe jest dzia\u0142anie banku i ratowanie \u017cycia.<\/p>\n\n\n\n<div class=\"wp-block-columns is-layout-flex wp-container-core-columns-is-layout-9d6595d7 wp-block-columns-is-layout-flex\">\n<div class=\"wp-block-column is-layout-flow wp-block-column-is-layout-flow\"><div class=\"wp-block-image\">\n<figure class=\"aligncenter size-thumbnail is-resized\"><img decoding=\"async\" src=\"https:\/\/krewdlazwierzakow.pl\/wp-content\/uploads\/2023\/04\/1000_F_227652949_5hUkg18VXilcxW2hJ17wNWab8W4cf7ka-edited-1.jpg\" alt=\"\" class=\"wp-image-46\" width=\"206\" srcset=\"https:\/\/krewdlazwierzakow.pl\/wp-content\/uploads\/2023\/04\/1000_F_227652949_5hUkg18VXilcxW2hJ17wNWab8W4cf7ka-edited-1.jpg 628w, https:\/\/krewdlazwierzakow.pl\/wp-content\/uploads\/2023\/04\/1000_F_227652949_5hUkg18VXilcxW2hJ17wNWab8W4cf7ka-edited-1-300x300.jpg 300w, https:\/\/krewdlazwierzakow.pl\/wp-content\/uploads\/2023\/04\/1000_F_227652949_5hUkg18VXilcxW2hJ17wNWab8W4cf7ka-edited-1-150x150.jpg 150w\" sizes=\"(max-width: 628px) 100vw, 628px\" \/><\/figure>\n<\/div>\n\n\n<h2 class=\"wp-block-heading\">Jakie warunki musi spe\u0142nia\u0107 psi dawca krwi? <\/h2>\n\n\n\n<ul class=\"wp-block-list\">\n<li>musi by\u0107 zdrowy<\/li>\n\n\n\n<li>masa cia\u0142a nie mniejsza ni\u017c 25kg<\/li>\n\n\n\n<li>by\u0107 w wieku pomi\u0119dzy 1, a 8 lat<\/li>\n\n\n\n<li>regularnie szczepiony przeciwko chorobom zaka\u017anym i w\u015bciekli\u017anie<\/li>\n\n\n\n<li>regularnie odrobaczany i zabezpieczony przeciwko pch\u0142om i kleszczom<\/li>\n<\/ul>\n<\/div>\n\n\n\n<div class=\"wp-block-column is-layout-flow wp-block-column-is-layout-flow\"><div class=\"wp-block-image\">\n<figure class=\"aligncenter size-thumbnail is-resized\"><img loading=\"lazy\" decoding=\"async\" src=\"https:\/\/krewdlazwierzakow.pl\/wp-content\/uploads\/2023\/04\/cat-logo-vector-26730605-edited.jpg\" alt=\"\" class=\"wp-image-44\" width=\"195\" height=\"210\" srcset=\"https:\/\/krewdlazwierzakow.pl\/wp-content\/uploads\/2023\/04\/cat-logo-vector-26730605-edited.jpg 768w, https:\/\/krewdlazwierzakow.pl\/wp-content\/uploads\/2023\/04\/cat-logo-vector-26730605-edited-278x300.jpg 278w\" sizes=\"auto, (max-width: 195px) 100vw, 195px\" \/><\/figure>\n<\/div>\n\n\n<h2 class=\"wp-block-heading\">Jakie warunki musi spe\u0142nia\u0107 koci dawca krwi?<\/h2>\n\n\n\n<ul class=\"wp-block-list\">\n<li>musi by\u0107 zdrowy<\/li>\n\n\n\n<li>masa cia\u0142a nie mniejsza ni\u017c 5kg<\/li>\n\n\n\n<li>by\u0107 w wieku pomi\u0119dzy 1, a 8 lat<\/li>\n\n\n\n<li>regularnie szczepiony przeciwko chorobom zaka\u017anym<\/li>\n\n\n\n<li>regularnie odrobaczany<\/li>\n\n\n\n<li>niewychodz\u0105cy<\/li>\n\n\n\n<li>wolny od chor\u00f3b FIV, FeLV i FIP<\/li>\n<\/ul>\n<\/div>\n<\/div>\n\n\n\n<p><\/p>\n\n\n\n<h2 class=\"wp-block-heading\"><strong>W jakich sytuacjach wykorzystujemy krew od dawc\u00f3w?<\/strong><\/h2>\n\n\n\n<ol class=\"wp-block-list\">\n<li>przy znacznej utracie krwi (np. po wypadku)<\/li>\n\n\n\n<li>przy chorobach niedokrwiennych<\/li>\n\n\n\n<li>hemofilii typu A i B<\/li>\n\n\n\n<li>przy niekt\u00f3rych zatruciach<\/li>\n\n\n\n<li>ma\u0142op\u0142ytkowo\u015bci<\/li>\n\n\n\n<li>przy innych wskazaniach do przetoczenia<\/li>\n<\/ol>\n\n\n\n<p>        Znajomo\u015b\u0107 grup krwi przed przyst\u0105pieniem do transfuzji jest konieczna dla zapewnienia bezpiecze\u0144stwa procedury przetaczania. <\/p>\n\n\n\n<p>Z uwagi na brak naturalnych alloprzeciwcia\u0142 przeciwko antygenom grupowym u ps\u00f3w pierwsza transfuzja mo\u017cliwa jest bez wcze\u015bniejszego okre\u015blenia grupy krwi, natomiast w przypadku drugiej i kolejnej transfuzji, psy musz\u0105 mie\u0107 okre\u015blon\u0105 grup\u0119 krwi i przeprowadzon\u0105 pr\u00f3b\u0119 krzy\u017cow\u0105 celem okre\u015blenia zgodno\u015bci serologicznej mi\u0119dzy dawc\u0105 i biorc\u0105. <br>Koty ze wzgl\u0119du na obecno\u015b\u0107 alloprzeciwcia\u0142 przeciwko antygenom grupowym musz\u0105 bezwzgl\u0119dnie przed pierwsz\u0105 transfuzj\u0105 mie\u0107 okre\u015blon\u0105 grup\u0119 krwi.<br><\/p>\n\n\n\n<p>Przetoczenie krwi niezgodnej grupowo mo\u017ce by\u0107 gro\u017ane dla \u017cycia biorcy. Krew pe\u0142na pobierana jest od dawc\u00f3w w warunkach szpitalnych, pod opiek\u0105 lekarza weterynarii. Jednokrotna donacja u psa mo\u017ce wynosi\u0107 450 ml, a u kota 50 ml. Po donacji zwierzak otrzymuje kropl\u00f3wk\u0119, aby uzupe\u0142ni\u0107 obj\u0119to\u015b\u0107 p\u0142yn\u00f3w w organizmie. Pobieranie krwi od psiego dawcy mo\u017ce odbywa\u0107 si\u0119 w znieczuleniu, za zgod\u0105 w\u0142a\u015bciciela. W wi\u0119kszo\u015bci przypadk\u00f3w mo\u017ce zniwelowa\u0107 to stres zwi\u0105zany z donacj\u0105 i pobytem w szpitalu. U kot\u00f3w premedykacja jest obowi\u0105zkowa. <\/p>\n\n\n\n<p>Je\u015bli nie istniej\u0105 \u017cadne przeciwwskazania, psy i koty mog\u0105 bezpiecznie oddawa\u0107 krew co 4 tygodnie.<\/p>\n\n\n\n<h2 class=\"wp-block-heading\">Jakie korzy\u015bci ma Dawca Krwi w Katowickim Banku Krwi dla Zwierz\u0105t?<\/h2>\n\n\n\n<p>Podczas kwalifikacji:<\/p>\n\n\n\n<ul class=\"wp-block-list\">\n<li>Wizyta u lekarza weterynarii.<\/li>\n\n\n\n<li>Oznaczenie grupy krwi.<\/li>\n\n\n\n<li>Podstawowe badanie morfologiczne i biochemiczne krwi<\/li>\n\n\n\n<li>Dodatkowe badania:\n<ul class=\"wp-block-list\">\n<li>u ps\u00f3w pod k\u0105tem czynnik\u00f3w zaka\u017anych: Dirofilaria immitis, Ehrlichia canis, Babesia canis, Anaplasma, Borrelia burgdorfer<\/li>\n\n\n\n<li>u kot\u00f3w wykluczenie obecno\u015bci zaka\u017cenia wirusami FIV, FeLV oraz mykoplazmami hemotropowymi. <\/li>\n<\/ul>\n<\/li>\n<\/ul>\n\n\n\n<p>Wed\u0142ug cennika koszt kwalifikacji to oko\u0142o 500 PLN, kt\u00f3ry w 100% pokrywa <a href=\"https:\/\/smartpet.com.pl\">Katowickie Centrum Weterynarii<\/a>. <br>Przy drugiej i ka\u017cdej kolejnej donacji na dawc\u0119 czeka bezp\u0142atne badanie kliniczne oraz podstawowe badanie krwi. <\/p>\n\n\n\n<p><strong>Dla Honorowych Dawc\u00f3w Krwi (w ci\u0105gu roku odda\u0142 krew przynajmniej 2 razy) darmowe szczepienie przeciwko w\u015bciekli\u017anie<\/strong>, co\u015b pysznego oraz voucher do wykorzystania w KCW. Dla ka\u017cdego naszego dawcy darmowa krew w przypadku wskazania do transfuzji. A przede wszystkim dla w\u0142a\u015bciciela duma, \u017ce jego zwierzak ratuje \u017cycie!<\/p>\n","protected":false},"excerpt":{"rendered":"<p>Katowickie Centrum Weterynarii w Silesii powsta\u0142o z ch\u0119ci i poczucia obowi\u0105zku zapewnienia najlepszej opieki nad zdrowiem naszych pacjent\u00f3w. W zwi\u0105zku z powy\u017cszym poszerzyli\u015bmy nasz\u0105 dzia\u0142alno\u015b\u0107 o bank krwi dla ps\u00f3w i kot\u00f3w oraz us\u0142ugi transfuzjologii. Szybki dost\u0119p do krwi jest nieoceniony i cz\u0119sto stanowi fundament i warunek prze\u017cycia pacjenta. Krwi psiej i kociej, tak samo [&hellip;]<\/p>\n","protected":false},"author":1,"featured_media":0,"parent":0,"menu_order":0,"comment_status":"closed","ping_status":"closed","template":"","meta":{"footnotes":""},"class_list":["post-37","page","type-page","status-publish","hentry"],"yoast_head":"<!-- This site is optimized with the Yoast SEO plugin v20.5 - https:\/\/yoast.com\/wordpress\/plugins\/seo\/ -->\n<title>Bank Krwi dla zwierz\u0105t w Katowicach. Dla Ps\u00f3w i Kot\u00f3w.<\/title>\n<meta name=\"description\" content=\"Szybki dost\u0119p do krwi cz\u0119sto stanowi warunek prze\u017cycia pacjenta. Katowicki Bank Krwi dla Zwierz\u0105t pozyskuje krew od ochotnik\u00f3w, aby u\u0142atwi\u0107 ratunek zwierzak\u00f3w w potrzebie.\" \/>\n<meta name=\"robots\" content=\"index, follow, max-snippet:-1, max-image-preview:large, max-video-preview:-1\" \/>\n<link rel=\"canonical\" href=\"https:\/\/krewdlazwierzakow.pl\/\" \/>\n<meta property=\"og:locale\" content=\"pl_PL\" \/>\n<meta property=\"og:type\" content=\"article\" \/>\n<meta property=\"og:title\" content=\"Bank Krwi dla zwierz\u0105t w Katowicach. Dla Ps\u00f3w i Kot\u00f3w.\" \/>\n<meta property=\"og:description\" content=\"Szybki dost\u0119p do krwi cz\u0119sto stanowi warunek prze\u017cycia pacjenta. Katowicki Bank Krwi dla Zwierz\u0105t pozyskuje krew od ochotnik\u00f3w, aby u\u0142atwi\u0107 ratunek zwierzak\u00f3w w potrzebie.\" \/>\n<meta property=\"og:url\" content=\"https:\/\/krewdlazwierzakow.pl\/\" \/>\n<meta property=\"og:site_name\" content=\"Bank Krwi dla zwierz\u0105t w Katowicach\" \/>\n<meta property=\"article:publisher\" content=\"https:\/\/www.facebook.com\/kcwwsilesii\/\" \/>\n<meta property=\"article:modified_time\" content=\"2023-04-18T14:14:57+00:00\" \/>\n<meta property=\"og:image\" content=\"http:\/\/krewdlazwierzakow.pl\/wp-content\/uploads\/2023\/04\/1000_F_227652949_5hUkg18VXilcxW2hJ17wNWab8W4cf7ka-edited-1.jpg\" \/>\n<meta name=\"twitter:card\" content=\"summary_large_image\" \/>\n<meta name=\"twitter:label1\" content=\"Szacowany czas czytania\" \/>\n\t<meta name=\"twitter:data1\" content=\"4 minuty\" \/>\n<script type=\"application\/ld+json\" class=\"yoast-schema-graph\">{\"@context\":\"https:\/\/schema.org\",\"@graph\":[{\"@type\":\"WebPage\",\"@id\":\"https:\/\/krewdlazwierzakow.pl\/\",\"url\":\"https:\/\/krewdlazwierzakow.pl\/\",\"name\":\"Bank Krwi dla zwierz\u0105t w Katowicach. Dla Ps\u00f3w i Kot\u00f3w.\",\"isPartOf\":{\"@id\":\"https:\/\/krewdlazwierzakow.pl\/#website\"},\"datePublished\":\"2023-04-01T10:56:28+00:00\",\"dateModified\":\"2023-04-18T14:14:57+00:00\",\"description\":\"Szybki dost\u0119p do krwi cz\u0119sto stanowi warunek prze\u017cycia pacjenta. Katowicki Bank Krwi dla Zwierz\u0105t pozyskuje krew od ochotnik\u00f3w, aby u\u0142atwi\u0107 ratunek zwierzak\u00f3w w potrzebie.\",\"breadcrumb\":{\"@id\":\"https:\/\/krewdlazwierzakow.pl\/#breadcrumb\"},\"inLanguage\":\"pl-PL\",\"potentialAction\":[{\"@type\":\"ReadAction\",\"target\":[\"https:\/\/krewdlazwierzakow.pl\/\"]}]},{\"@type\":\"BreadcrumbList\",\"@id\":\"https:\/\/krewdlazwierzakow.pl\/#breadcrumb\",\"itemListElement\":[{\"@type\":\"ListItem\",\"position\":1,\"name\":\"Strona g\u0142\u00f3wna\",\"item\":\"https:\/\/krewdlazwierzakow.pl\/\"},{\"@type\":\"ListItem\",\"position\":2,\"name\":\"Bank Krwi dla zwierz\u0105t w Katowicach\"}]},{\"@type\":\"WebSite\",\"@id\":\"https:\/\/krewdlazwierzakow.pl\/#website\",\"url\":\"https:\/\/krewdlazwierzakow.pl\/\",\"name\":\"Bank Krwi dla Zwierz\u0105t w Katowicach\",\"description\":\"Bank Krwi dla zwierz\u0105t w Katowicach\",\"publisher\":{\"@id\":\"https:\/\/krewdlazwierzakow.pl\/#organization\"},\"alternateName\":\"Bank Krwi dla Ps\u00f3w i Kot\u00f3w w Katowicach\",\"potentialAction\":[{\"@type\":\"SearchAction\",\"target\":{\"@type\":\"EntryPoint\",\"urlTemplate\":\"https:\/\/krewdlazwierzakow.pl\/?s={search_term_string}\"},\"query-input\":\"required name=search_term_string\"}],\"inLanguage\":\"pl-PL\"},{\"@type\":\"Organization\",\"@id\":\"https:\/\/krewdlazwierzakow.pl\/#organization\",\"name\":\"Bank Krwi dla Zwierz\u0105t w Katowicach\",\"url\":\"https:\/\/krewdlazwierzakow.pl\/\",\"logo\":{\"@type\":\"ImageObject\",\"inLanguage\":\"pl-PL\",\"@id\":\"https:\/\/krewdlazwierzakow.pl\/#\/schema\/logo\/image\/\",\"url\":\"https:\/\/krewdlazwierzakow.pl\/wp-content\/uploads\/2023\/04\/cropped-cropped-logo-1.png\",\"contentUrl\":\"https:\/\/krewdlazwierzakow.pl\/wp-content\/uploads\/2023\/04\/cropped-cropped-logo-1.png\",\"width\":250,\"height\":250,\"caption\":\"Bank Krwi dla Zwierz\u0105t w Katowicach\"},\"image\":{\"@id\":\"https:\/\/krewdlazwierzakow.pl\/#\/schema\/logo\/image\/\"},\"sameAs\":[\"https:\/\/www.facebook.com\/kcwwsilesii\/\"]}]}<\/script>\n<!-- \/ Yoast SEO plugin. -->","yoast_head_json":{"title":"Bank Krwi dla zwierz\u0105t w Katowicach. Dla Ps\u00f3w i Kot\u00f3w.","description":"Szybki dost\u0119p do krwi cz\u0119sto stanowi warunek prze\u017cycia pacjenta. Katowicki Bank Krwi dla Zwierz\u0105t pozyskuje krew od ochotnik\u00f3w, aby u\u0142atwi\u0107 ratunek zwierzak\u00f3w w potrzebie.","robots":{"index":"index","follow":"follow","max-snippet":"max-snippet:-1","max-image-preview":"max-image-preview:large","max-video-preview":"max-video-preview:-1"},"canonical":"https:\/\/krewdlazwierzakow.pl\/","og_locale":"pl_PL","og_type":"article","og_title":"Bank Krwi dla zwierz\u0105t w Katowicach. Dla Ps\u00f3w i Kot\u00f3w.","og_description":"Szybki dost\u0119p do krwi cz\u0119sto stanowi warunek prze\u017cycia pacjenta. Katowicki Bank Krwi dla Zwierz\u0105t pozyskuje krew od ochotnik\u00f3w, aby u\u0142atwi\u0107 ratunek zwierzak\u00f3w w potrzebie.","og_url":"https:\/\/krewdlazwierzakow.pl\/","og_site_name":"Bank Krwi dla zwierz\u0105t w Katowicach","article_publisher":"https:\/\/www.facebook.com\/kcwwsilesii\/","article_modified_time":"2023-04-18T14:14:57+00:00","og_image":[{"url":"http:\/\/krewdlazwierzakow.pl\/wp-content\/uploads\/2023\/04\/1000_F_227652949_5hUkg18VXilcxW2hJ17wNWab8W4cf7ka-edited-1.jpg"}],"twitter_card":"summary_large_image","twitter_misc":{"Szacowany czas czytania":"4 minuty"},"schema":{"@context":"https:\/\/schema.org","@graph":[{"@type":"WebPage","@id":"https:\/\/krewdlazwierzakow.pl\/","url":"https:\/\/krewdlazwierzakow.pl\/","name":"Bank Krwi dla zwierz\u0105t w Katowicach. Dla Ps\u00f3w i Kot\u00f3w.","isPartOf":{"@id":"https:\/\/krewdlazwierzakow.pl\/#website"},"datePublished":"2023-04-01T10:56:28+00:00","dateModified":"2023-04-18T14:14:57+00:00","description":"Szybki dost\u0119p do krwi cz\u0119sto stanowi warunek prze\u017cycia pacjenta. Katowicki Bank Krwi dla Zwierz\u0105t pozyskuje krew od ochotnik\u00f3w, aby u\u0142atwi\u0107 ratunek zwierzak\u00f3w w potrzebie.","breadcrumb":{"@id":"https:\/\/krewdlazwierzakow.pl\/#breadcrumb"},"inLanguage":"pl-PL","potentialAction":[{"@type":"ReadAction","target":["https:\/\/krewdlazwierzakow.pl\/"]}]},{"@type":"BreadcrumbList","@id":"https:\/\/krewdlazwierzakow.pl\/#breadcrumb","itemListElement":[{"@type":"ListItem","position":1,"name":"Strona g\u0142\u00f3wna","item":"https:\/\/krewdlazwierzakow.pl\/"},{"@type":"ListItem","position":2,"name":"Bank Krwi dla zwierz\u0105t w Katowicach"}]},{"@type":"WebSite","@id":"https:\/\/krewdlazwierzakow.pl\/#website","url":"https:\/\/krewdlazwierzakow.pl\/","name":"Bank Krwi dla Zwierz\u0105t w Katowicach","description":"Bank Krwi dla zwierz\u0105t w Katowicach","publisher":{"@id":"https:\/\/krewdlazwierzakow.pl\/#organization"},"alternateName":"Bank Krwi dla Ps\u00f3w i Kot\u00f3w w Katowicach","potentialAction":[{"@type":"SearchAction","target":{"@type":"EntryPoint","urlTemplate":"https:\/\/krewdlazwierzakow.pl\/?s={search_term_string}"},"query-input":"required name=search_term_string"}],"inLanguage":"pl-PL"},{"@type":"Organization","@id":"https:\/\/krewdlazwierzakow.pl\/#organization","name":"Bank Krwi dla Zwierz\u0105t w Katowicach","url":"https:\/\/krewdlazwierzakow.pl\/","logo":{"@type":"ImageObject","inLanguage":"pl-PL","@id":"https:\/\/krewdlazwierzakow.pl\/#\/schema\/logo\/image\/","url":"https:\/\/krewdlazwierzakow.pl\/wp-content\/uploads\/2023\/04\/cropped-cropped-logo-1.png","contentUrl":"https:\/\/krewdlazwierzakow.pl\/wp-content\/uploads\/2023\/04\/cropped-cropped-logo-1.png","width":250,"height":250,"caption":"Bank Krwi dla Zwierz\u0105t w Katowicach"},"image":{"@id":"https:\/\/krewdlazwierzakow.pl\/#\/schema\/logo\/image\/"},"sameAs":["https:\/\/www.facebook.com\/kcwwsilesii\/"]}]}},"_links":{"self":[{"href":"https:\/\/krewdlazwierzakow.pl\/index.php\/wp-json\/wp\/v2\/pages\/37","targetHints":{"allow":["GET"]}}],"collection":[{"href":"https:\/\/krewdlazwierzakow.pl\/index.php\/wp-json\/wp\/v2\/pages"}],"about":[{"href":"https:\/\/krewdlazwierzakow.pl\/index.php\/wp-json\/wp\/v2\/types\/page"}],"author":[{"embeddable":true,"href":"https:\/\/krewdlazwierzakow.pl\/index.php\/wp-json\/wp\/v2\/users\/1"}],"replies":[{"embeddable":true,"href":"https:\/\/krewdlazwierzakow.pl\/index.php\/wp-json\/wp\/v2\/comments?post=37"}],"version-history":[{"count":3,"href":"https:\/\/krewdlazwierzakow.pl\/index.php\/wp-json\/wp\/v2\/pages\/37\/revisions"}],"predecessor-version":[{"id":78,"href":"https:\/\/krewdlazwierzakow.pl\/index.php\/wp-json\/wp\/v2\/pages\/37\/revisions\/78"}],"wp:attachment":[{"href":"https:\/\/krewdlazwierzakow.pl\/index.php\/wp-json\/wp\/v2\/media?parent=37"}],"curies":[{"name":"wp","href":"https:\/\/api.w.org\/{rel}","templated":true}]}}