{"id":22,"date":"2023-04-01T12:54:13","date_gmt":"2023-04-01T10:54:13","guid":{"rendered":"http:\/\/toms2010.dkonto.pl\/?page_id=22"},"modified":"2023-04-20T19:59:33","modified_gmt":"2023-04-20T17:59:33","slug":"kontakt","status":"publish","type":"page","link":"https:\/\/krewdlazwierzakow.pl\/index.php\/kontakt\/","title":{"rendered":""},"content":{"rendered":"<div class=\"vce-row-container\" data-vce-boxed-width=\"true\"><div class=\"vce-row vce-row--col-gap-30 vce-row-equal-height vce-row-content--top\" id=\"el-e0b76f33\" data-vce-do-apply=\"all el-e0b76f33\"><div class=\"vce-row-content\" data-vce-element-content=\"true\"><div class=\"vce-col vce-col--md-auto vce-col--xs-1 vce-col--xs-last vce-col--xs-first vce-col--sm-last vce-col--sm-first vce-col--md-first vce-col--lg-first vce-col--xl-first\" id=\"el-494e09b2\"><div class=\"vce-col-inner\" data-vce-do-apply=\"border margin background  el-494e09b2\"><div class=\"vce-col-content\" data-vce-element-content=\"true\" data-vce-do-apply=\"padding el-494e09b2\"><div class=\"vce-text-block\"><div class=\"vce-text-block-wrapper vce\" id=\"el-70aa91fb\" data-vce-do-apply=\"all el-70aa91fb\"><h2 style=\"text-align: center;\">Telefon:<\/h2>\n<p style=\"text-align: center;\"><strong style=\"font-family: Raleway, sans-serif; font-size: 15.9333px; line-height: 1.8rem; border: 0px; outline: 0px; -webkit-font-smoothing: antialiased; overflow-wrap: break-word; color: #524d48; margin-bottom: 0px;\"><span style=\"font-family: inherit; font-size: 16.0926px; font-style: inherit; font-weight: inherit; line-height: 1.8rem; border: 0px; outline: 0px; -webkit-font-smoothing: antialiased; overflow-wrap: break-word; margin-bottom: 0px; color: #2786c8;\"><a style=\"font-family: inherit; font-size: 16.2536px; font-style: inherit; font-weight: inherit; line-height: 1.8rem; border: 0px; outline: 0px; -webkit-font-smoothing: antialiased; overflow-wrap: break-word; text-decoration-line: none; background-image: initial; background-position: initial; background-size: initial; background-repeat: initial; background-attachment: initial; background-origin: initial; background-clip: initial; transition: all 0.3s ease 0s; color: #2786c8; margin-bottom: 0px;\" href=\"tel:+48720812022\">720 812 022<\/a><\/span><\/strong><\/p><\/div><\/div><\/div><\/div><\/div><div class=\"vce-col vce-col--md-auto vce-col--xs-1 vce-col--xs-last vce-col--xs-first vce-col--sm-last vce-col--sm-first vce-col--md-last vce-col--lg-last vce-col--xl-last\" id=\"el-7c5d353b\"><div class=\"vce-col-inner\" data-vce-do-apply=\"border margin background  el-7c5d353b\"><div class=\"vce-col-content\" data-vce-element-content=\"true\" data-vce-do-apply=\"padding el-7c5d353b\"><div class=\"vce-text-block\"><div class=\"vce-text-block-wrapper vce\" id=\"el-00a51c28\" data-vce-do-apply=\"all el-00a51c28\"><h2 style=\"text-align: center;\">Email<\/h2>\n<p style=\"text-align: center;\">wetwsilesii@gmail.com<\/p><\/div><\/div><\/div><\/div><\/div><\/div><\/div><\/div><div class=\"vce-row-container\" data-vce-boxed-width=\"true\"><div class=\"vce-row vce-row--col-gap-30 vce-row-equal-height vce-row-content--top\" id=\"el-5d671f06\" data-vce-do-apply=\"all el-5d671f06\"><div class=\"vce-row-content\" data-vce-element-content=\"true\"><div class=\"vce-col vce-col--md-auto vce-col--xs-1 vce-col--xs-last vce-col--xs-first vce-col--sm-last vce-col--sm-first vce-col--md-last vce-col--lg-last vce-col--xl-last vce-col--md-first vce-col--lg-first vce-col--xl-first\" id=\"el-5eb0b966\"><div class=\"vce-col-inner\" data-vce-do-apply=\"border margin background  el-5eb0b966\"><div class=\"vce-col-content\" data-vce-element-content=\"true\" data-vce-do-apply=\"padding el-5eb0b966\"><div class=\"vce-text-block\"><div class=\"vce-text-block-wrapper vce\" id=\"el-61a92f2d\" data-vce-do-apply=\"all el-61a92f2d\"><h2 style=\"text-align: center;\">Katowickie centrum weterynarii w Silesii<\/h2>\n<p style=\"text-align: center;\">Chorzowska 107, 40-101 Katowice<br><strong>Wejscie od parkingu B7-B8<\/strong><\/p><\/div><\/div><\/div><\/div><\/div><\/div><\/div><\/div><div class=\"vce-row-container\" data-vce-boxed-width=\"true\"><div class=\"vce-row vce-row--col-gap-30 vce-row-equal-height vce-row-content--top\" id=\"el-985e844b\" data-vce-do-apply=\"all el-985e844b\"><div class=\"vce-row-content\" data-vce-element-content=\"true\"><div class=\"vce-col vce-col--md-auto vce-col--xs-1 vce-col--xs-last vce-col--xs-first vce-col--sm-last vce-col--sm-first vce-col--md-last vce-col--lg-last vce-col--xl-last vce-col--md-first vce-col--lg-first vce-col--xl-first\" id=\"el-7264f75c\"><div class=\"vce-col-inner\" data-vce-do-apply=\"border margin background  el-7264f75c\"><div class=\"vce-col-content\" data-vce-element-content=\"true\" data-vce-do-apply=\"padding el-7264f75c\"><div class=\"vce-google-maps vce-google-maps--align-center\"><div class=\"vce-google-maps-wrapper vce vce-google-maps-proportional\" id=\"el-f3526b53\" data-vce-do-apply=\"all el-f3526b53\" style=\"width: 600px; height: auto;\"><div class=\"vce-google-maps-inner\" style=\"padding-bottom: 75%;\"><iframe src=\"https:\/\/www.google.com\/maps\/embed?pb=!1m18!1m12!1m3!1d2550.081607675066!2d19.002515815724898!3d50.27173482945105!2m3!1f0!2f0!3f0!3m2!1i1024!2i768!4f13.1!3m3!1m2!1s0x4716cf6fbb4da2e5%3A0xaa8fed1ab16884a4!2sKatowickie%20Centrum%20Weterynarii%20w%20Silesii!5e0!3m2!1spl!2spl!4v1680359212862!5m2!1spl!2spl\" width=\"600\" height=\"450\" style=\"border: 0px; pointer-events: none;\" allowfullscreen=\"\" loading=\"lazy\" referrerpolicy=\"no-referrer-when-downgrade\"><\/iframe><\/div><\/div><\/div><\/div><\/div><\/div><\/div><\/div><\/div>\n","protected":false},"excerpt":{"rendered":"<p>Telefon: 720 812 022Email wetwsilesii@gmail.comKatowickie centrum weterynarii w Silesii Chorzowska 107, 40-101 KatowiceWejscie od parkingu B7-B8<\/p>\n","protected":false},"author":1,"featured_media":0,"parent":0,"menu_order":0,"comment_status":"closed","ping_status":"closed","template":"","meta":{"footnotes":""},"class_list":["post-22","page","type-page","status-publish","hentry"],"yoast_head":"<!-- This site is optimized with the Yoast SEO plugin v20.5 - https:\/\/yoast.com\/wordpress\/plugins\/seo\/ -->\n<title>Bank Krwi dla Zwierz\u0105t w Katowicach - Kontakt<\/title>\n<meta name=\"description\" content=\"Skontaktuj si\u0119 z nami w sprawie krwi lub zg\u0142o\u015b dawc\u0119.\" \/>\n<meta name=\"robots\" content=\"index, follow, max-snippet:-1, max-image-preview:large, max-video-preview:-1\" \/>\n<link rel=\"canonical\" href=\"https:\/\/krewdlazwierzakow.pl\/index.php\/kontakt\/\" \/>\n<meta property=\"og:locale\" content=\"pl_PL\" \/>\n<meta property=\"og:type\" content=\"article\" \/>\n<meta property=\"og:title\" content=\"Bank Krwi dla Zwierz\u0105t w Katowicach - Kontakt\" \/>\n<meta property=\"og:description\" content=\"Skontaktuj si\u0119 z nami w sprawie krwi lub zg\u0142o\u015b dawc\u0119.\" \/>\n<meta property=\"og:url\" content=\"https:\/\/krewdlazwierzakow.pl\/index.php\/kontakt\/\" \/>\n<meta property=\"og:site_name\" content=\"Bank Krwi dla zwierz\u0105t w Katowicach\" \/>\n<meta property=\"article:publisher\" content=\"https:\/\/www.facebook.com\/kcwwsilesii\/\" \/>\n<meta property=\"article:modified_time\" content=\"2023-04-20T17:59:33+00:00\" \/>\n<meta name=\"twitter:card\" content=\"summary_large_image\" \/>\n<meta name=\"twitter:label1\" content=\"Szacowany czas czytania\" \/>\n\t<meta name=\"twitter:data1\" content=\"1 minuta\" \/>\n<script type=\"application\/ld+json\" class=\"yoast-schema-graph\">{\"@context\":\"https:\/\/schema.org\",\"@graph\":[{\"@type\":[\"WebPage\",\"ContactPage\"],\"@id\":\"https:\/\/krewdlazwierzakow.pl\/index.php\/kontakt\/\",\"url\":\"https:\/\/krewdlazwierzakow.pl\/index.php\/kontakt\/\",\"name\":\"Bank Krwi dla Zwierz\u0105t w Katowicach - Kontakt\",\"isPartOf\":{\"@id\":\"https:\/\/krewdlazwierzakow.pl\/#website\"},\"datePublished\":\"2023-04-01T10:54:13+00:00\",\"dateModified\":\"2023-04-20T17:59:33+00:00\",\"description\":\"Skontaktuj si\u0119 z nami w sprawie krwi lub zg\u0142o\u015b dawc\u0119.\",\"breadcrumb\":{\"@id\":\"https:\/\/krewdlazwierzakow.pl\/index.php\/kontakt\/#breadcrumb\"},\"inLanguage\":\"pl-PL\",\"potentialAction\":[{\"@type\":\"ReadAction\",\"target\":[\"https:\/\/krewdlazwierzakow.pl\/index.php\/kontakt\/\"]}]},{\"@type\":\"BreadcrumbList\",\"@id\":\"https:\/\/krewdlazwierzakow.pl\/index.php\/kontakt\/#breadcrumb\",\"itemListElement\":[{\"@type\":\"ListItem\",\"position\":1,\"name\":\"Strona g\u0142\u00f3wna\",\"item\":\"https:\/\/krewdlazwierzakow.pl\/\"},{\"@type\":\"ListItem\",\"position\":2,\"name\":\"Kontakt\"}]},{\"@type\":\"WebSite\",\"@id\":\"https:\/\/krewdlazwierzakow.pl\/#website\",\"url\":\"https:\/\/krewdlazwierzakow.pl\/\",\"name\":\"Bank Krwi dla Zwierz\u0105t w Katowicach\",\"description\":\"Bank Krwi dla zwierz\u0105t w Katowicach\",\"publisher\":{\"@id\":\"https:\/\/krewdlazwierzakow.pl\/#organization\"},\"alternateName\":\"Bank Krwi dla Ps\u00f3w i Kot\u00f3w w Katowicach\",\"potentialAction\":[{\"@type\":\"SearchAction\",\"target\":{\"@type\":\"EntryPoint\",\"urlTemplate\":\"https:\/\/krewdlazwierzakow.pl\/?s={search_term_string}\"},\"query-input\":\"required name=search_term_string\"}],\"inLanguage\":\"pl-PL\"},{\"@type\":\"Organization\",\"@id\":\"https:\/\/krewdlazwierzakow.pl\/#organization\",\"name\":\"Bank Krwi dla Zwierz\u0105t w Katowicach\",\"url\":\"https:\/\/krewdlazwierzakow.pl\/\",\"logo\":{\"@type\":\"ImageObject\",\"inLanguage\":\"pl-PL\",\"@id\":\"https:\/\/krewdlazwierzakow.pl\/#\/schema\/logo\/image\/\",\"url\":\"https:\/\/krewdlazwierzakow.pl\/wp-content\/uploads\/2023\/04\/cropped-cropped-logo-1.png\",\"contentUrl\":\"https:\/\/krewdlazwierzakow.pl\/wp-content\/uploads\/2023\/04\/cropped-cropped-logo-1.png\",\"width\":250,\"height\":250,\"caption\":\"Bank Krwi dla Zwierz\u0105t w Katowicach\"},\"image\":{\"@id\":\"https:\/\/krewdlazwierzakow.pl\/#\/schema\/logo\/image\/\"},\"sameAs\":[\"https:\/\/www.facebook.com\/kcwwsilesii\/\"]}]}<\/script>\n<!-- \/ Yoast SEO plugin. -->","yoast_head_json":{"title":"Bank Krwi dla Zwierz\u0105t w Katowicach - Kontakt","description":"Skontaktuj si\u0119 z nami w sprawie krwi lub zg\u0142o\u015b dawc\u0119.","robots":{"index":"index","follow":"follow","max-snippet":"max-snippet:-1","max-image-preview":"max-image-preview:large","max-video-preview":"max-video-preview:-1"},"canonical":"https:\/\/krewdlazwierzakow.pl\/index.php\/kontakt\/","og_locale":"pl_PL","og_type":"article","og_title":"Bank Krwi dla Zwierz\u0105t w Katowicach - Kontakt","og_description":"Skontaktuj si\u0119 z nami w sprawie krwi lub zg\u0142o\u015b dawc\u0119.","og_url":"https:\/\/krewdlazwierzakow.pl\/index.php\/kontakt\/","og_site_name":"Bank Krwi dla zwierz\u0105t w Katowicach","article_publisher":"https:\/\/www.facebook.com\/kcwwsilesii\/","article_modified_time":"2023-04-20T17:59:33+00:00","twitter_card":"summary_large_image","twitter_misc":{"Szacowany czas czytania":"1 minuta"},"schema":{"@context":"https:\/\/schema.org","@graph":[{"@type":["WebPage","ContactPage"],"@id":"https:\/\/krewdlazwierzakow.pl\/index.php\/kontakt\/","url":"https:\/\/krewdlazwierzakow.pl\/index.php\/kontakt\/","name":"Bank Krwi dla Zwierz\u0105t w Katowicach - Kontakt","isPartOf":{"@id":"https:\/\/krewdlazwierzakow.pl\/#website"},"datePublished":"2023-04-01T10:54:13+00:00","dateModified":"2023-04-20T17:59:33+00:00","description":"Skontaktuj si\u0119 z nami w sprawie krwi lub zg\u0142o\u015b dawc\u0119.","breadcrumb":{"@id":"https:\/\/krewdlazwierzakow.pl\/index.php\/kontakt\/#breadcrumb"},"inLanguage":"pl-PL","potentialAction":[{"@type":"ReadAction","target":["https:\/\/krewdlazwierzakow.pl\/index.php\/kontakt\/"]}]},{"@type":"BreadcrumbList","@id":"https:\/\/krewdlazwierzakow.pl\/index.php\/kontakt\/#breadcrumb","itemListElement":[{"@type":"ListItem","position":1,"name":"Strona g\u0142\u00f3wna","item":"https:\/\/krewdlazwierzakow.pl\/"},{"@type":"ListItem","position":2,"name":"Kontakt"}]},{"@type":"WebSite","@id":"https:\/\/krewdlazwierzakow.pl\/#website","url":"https:\/\/krewdlazwierzakow.pl\/","name":"Bank Krwi dla Zwierz\u0105t w Katowicach","description":"Bank Krwi dla zwierz\u0105t w Katowicach","publisher":{"@id":"https:\/\/krewdlazwierzakow.pl\/#organization"},"alternateName":"Bank Krwi dla Ps\u00f3w i Kot\u00f3w w Katowicach","potentialAction":[{"@type":"SearchAction","target":{"@type":"EntryPoint","urlTemplate":"https:\/\/krewdlazwierzakow.pl\/?s={search_term_string}"},"query-input":"required name=search_term_string"}],"inLanguage":"pl-PL"},{"@type":"Organization","@id":"https:\/\/krewdlazwierzakow.pl\/#organization","name":"Bank Krwi dla Zwierz\u0105t w Katowicach","url":"https:\/\/krewdlazwierzakow.pl\/","logo":{"@type":"ImageObject","inLanguage":"pl-PL","@id":"https:\/\/krewdlazwierzakow.pl\/#\/schema\/logo\/image\/","url":"https:\/\/krewdlazwierzakow.pl\/wp-content\/uploads\/2023\/04\/cropped-cropped-logo-1.png","contentUrl":"https:\/\/krewdlazwierzakow.pl\/wp-content\/uploads\/2023\/04\/cropped-cropped-logo-1.png","width":250,"height":250,"caption":"Bank Krwi dla Zwierz\u0105t w Katowicach"},"image":{"@id":"https:\/\/krewdlazwierzakow.pl\/#\/schema\/logo\/image\/"},"sameAs":["https:\/\/www.facebook.com\/kcwwsilesii\/"]}]}},"_links":{"self":[{"href":"https:\/\/krewdlazwierzakow.pl\/index.php\/wp-json\/wp\/v2\/pages\/22","targetHints":{"allow":["GET"]}}],"collection":[{"href":"https:\/\/krewdlazwierzakow.pl\/index.php\/wp-json\/wp\/v2\/pages"}],"about":[{"href":"https:\/\/krewdlazwierzakow.pl\/index.php\/wp-json\/wp\/v2\/types\/page"}],"author":[{"embeddable":true,"href":"https:\/\/krewdlazwierzakow.pl\/index.php\/wp-json\/wp\/v2\/users\/1"}],"replies":[{"embeddable":true,"href":"https:\/\/krewdlazwierzakow.pl\/index.php\/wp-json\/wp\/v2\/comments?post=22"}],"version-history":[{"count":2,"href":"https:\/\/krewdlazwierzakow.pl\/index.php\/wp-json\/wp\/v2\/pages\/22\/revisions"}],"predecessor-version":[{"id":57,"href":"https:\/\/krewdlazwierzakow.pl\/index.php\/wp-json\/wp\/v2\/pages\/22\/revisions\/57"}],"wp:attachment":[{"href":"https:\/\/krewdlazwierzakow.pl\/index.php\/wp-json\/wp\/v2\/media?parent=22"}],"curies":[{"name":"wp","href":"https:\/\/api.w.org\/{rel}","templated":true}]}}